{"id":179,"date":"2017-04-11T16:37:13","date_gmt":"2017-04-11T14:37:13","guid":{"rendered":"http:\/\/fenes.no\/cookie-policy\/"},"modified":"2019-06-16T20:19:33","modified_gmt":"2019-06-16T18:19:33","slug":"informasjonskapsler","status":"publish","type":"page","link":"https:\/\/fenes.no\/?page_id=179","title":{"rendered":"Informasjonskapsler"},"content":{"rendered":"<p>Denne siden bruker cookies (Informasjonskapsler) &#8211; dette er sm\u00e5 tekstfiler som plasseres p\u00e5 din enhet for \u00e5 hjelpe nettstedet v\u00e5rt \u00e5 gi deg en bedre brukeropplevelse. Vanligvis brukes informasjonskapsler til \u00e5 beholde brukerens preferanser, og i noen tilfeller gi anonymisert sporingsdata til tredjeparts applikasjoner som Google Analytics. Som regel vil cookies gj\u00f8re at leseopplevelsen blir bedre.<\/p>\n<p>Det kan imidlertid hende at du foretrekker \u00e5 deaktivere informasjonskapsler p\u00e5 dette nettstedet og p\u00e5 andre. Den mest effektive m\u00e5ten \u00e5 gj\u00f8re dette p\u00e5 er \u00e5 deaktivere informasjonskapsler i nettleseren din. <a href=\"http:\/\/www.aboutcookies.org\" target=\"_blank\" rel=\"noopener noreferrer\">About Cookies<\/a>&nbsp;sin nettside tilbyr veiledning for alle moderne nettlesere, hvis du skulle \u00f8nske det.<\/p>\n","protected":false},"excerpt":{"rendered":"<p>Denne siden bruker cookies (Informasjonskapsler) &#8211; dette er sm\u00e5 tekstfiler som plasseres p\u00e5 din enhet for \u00e5 hjelpe nettstedet v\u00e5rt \u00e5 gi deg en bedre brukeropplevelse. Vanligvis brukes informasjonskapsler til \u00e5 beholde brukerens preferanser, og i noen tilfeller gi anonymisert sporingsdata til tredjeparts applikasjoner som Google Analytics. Som regel vil cookies gj\u00f8re at leseopplevelsen blir &hellip; <\/p>\n<p class=\"link-more\"><a href=\"https:\/\/fenes.no\/?page_id=179\" class=\"more-link\">Fortsett \u00e5 lese<span class=\"screen-reader-text\"> \u00abInformasjonskapsler\u00bb<\/span><\/a><\/p>\n","protected":false},"author":1,"featured_media":74,"parent":0,"menu_order":0,"comment_status":"closed","ping_status":"closed","template":"","meta":{"footnotes":""},"class_list":["post-179","page","type-page","status-publish","has-post-thumbnail","hentry"],"_links":{"self":[{"href":"https:\/\/fenes.no\/index.php?rest_route=\/wp\/v2\/pages\/179","targetHints":{"allow":["GET"]}}],"collection":[{"href":"https:\/\/fenes.no\/index.php?rest_route=\/wp\/v2\/pages"}],"about":[{"href":"https:\/\/fenes.no\/index.php?rest_route=\/wp\/v2\/types\/page"}],"author":[{"embeddable":true,"href":"https:\/\/fenes.no\/index.php?rest_route=\/wp\/v2\/users\/1"}],"replies":[{"embeddable":true,"href":"https:\/\/fenes.no\/index.php?rest_route=%2Fwp%2Fv2%2Fcomments&post=179"}],"version-history":[{"count":2,"href":"https:\/\/fenes.no\/index.php?rest_route=\/wp\/v2\/pages\/179\/revisions"}],"predecessor-version":[{"id":380,"href":"https:\/\/fenes.no\/index.php?rest_route=\/wp\/v2\/pages\/179\/revisions\/380"}],"wp:featuredmedia":[{"embeddable":true,"href":"https:\/\/fenes.no\/index.php?rest_route=\/wp\/v2\/media\/74"}],"wp:attachment":[{"href":"https:\/\/fenes.no\/index.php?rest_route=%2Fwp%2Fv2%2Fmedia&parent=179"}],"curies":[{"name":"wp","href":"https:\/\/api.w.org\/{rel}","templated":true}]}}